{"id":1034,"date":"2021-11-27T21:21:18","date_gmt":"2021-11-28T00:21:18","guid":{"rendered":"https:\/\/bosquegurumi.com\/?post_type=product&#038;p=1034"},"modified":"2022-02-16T00:04:17","modified_gmt":"2022-02-16T03:04:17","slug":"lokire-padraofanart","status":"publish","type":"product","link":"https:\/\/bosquegurumi.com\/index.php\/produto\/lokire-padraofanart\/","title":{"rendered":"Loki Jacar\u00e9 &#8211; Receita de amigurumi fanart"},"content":{"rendered":"<p style=\"text-align: center;\"><strong>Esta \u00e9 uma receita FANART.<\/strong><br \/>\n<strong>Arquivo digital para confec\u00e7\u00e3o da pe\u00e7a e n\u00e3o o amigurumi pronto!<\/strong><\/p>\n<p>&nbsp;<\/p>\n<ul>\n<li>PDF com 10 p\u00e1ginas<\/li>\n<li>Mais de 30 fotos<\/li>\n<li>2 v\u00eddeos de apoio<\/li>\n<li>Idioma portugu\u00eas<\/li>\n<li>N\u00edvel de dificuldade: f\u00e1cil<\/li>\n<li>Cerca de 13cm (agulha 1,75) a 18cm (agulha 2,5), dependendo dos fios e da agulha<\/li>\n<\/ul>\n<p>Al\u00e9m disso, no arquivo digital voc\u00ea ainda encontra:<\/p>\n<ul>\n<li>Receita da m\u00e3o<\/li>\n<li>Instru\u00e7\u00f5es detalhadas para confec\u00e7\u00e3o da pe\u00e7a<\/li>\n<li>Informa\u00e7\u00f5es t\u00e9cnicas (materiais, abrevia\u00e7\u00f5es, etc)<\/li>\n<\/ul>\n<p>Suporte dispon\u00edvel!<\/p>\n<p>Como em todas as minhas receitas, o padr\u00e3o do Lokir\u00e9, o Loki Jacar\u00e9,\u00a0 foca na did\u00e1tica. Ele foi pensado para tornar o processo de confec\u00e7\u00e3o o mais claro e intuitivo poss\u00edvel, por isso a receita acompanha fotos, v\u00eddeos e passo a passo bem completo! Tudo isso em um arquivo inspirado no universo&#8230; Oops, multiverso de Loki!<\/p>\n<p><strong>Ap\u00f3s a confirma\u00e7\u00e3o do pagamento, o arquivo digital ficar\u00e1 dispon\u00edvel para download na sua conta do <\/strong><strong>site na se\u00e7\u00e3o Minha Conta =&gt; Downloads.<\/strong><\/p>\n<p><strong>Padr\u00e3o de uso pessoal, individual e intransfer\u00edvel. Venda e\/ou compartilhamento s\u00e3o proibidos, seja <\/strong><strong>por meios f\u00edsicos ou digitais, de acordo com a lei de direitos autorais N\u00ba 9.610\/98. Ao realizar a <\/strong><strong>compra voc\u00ea concorda as referidas condi\u00e7\u00f5es de n\u00e3o compartilhamento.<\/strong><\/p>\n<p>&nbsp;<\/p>\n","protected":false},"excerpt":{"rendered":"<blockquote><p>&#8220;<em>Eu pensei, deveria ter um Loki Jacar\u00e9. E \u00e9 tipo, bem, por qu\u00ea? Porque ele \u00e9 verde. \u00c9 t\u00e3o est\u00fapido, mas tamb\u00e9m faz todo o sentido\u2026&#8221;<\/em><br \/>\nMichael Waldron, produtor de Loki, em entrevista<\/p><\/blockquote>\n<p>&nbsp;<\/p>\n<p>Padr\u00e3o digital para confec\u00e7\u00e3o do amigurumi fanart do personagem Loki Jacar\u00e9, de &#8220;Loki&#8221;, s\u00e9rie que estreou em 2021 e fez grande sucesso&#8230;\u00a0 Em todo o Multiverso!<\/p>\n<ul>\n<li><strong>PDF com 10 p\u00e1ginas<\/strong><\/li>\n<li><strong>Mais de 30 fotos<\/strong><\/li>\n<li><strong>2 v\u00eddeos de apoio<\/strong><\/li>\n<li><strong>Idioma portugu\u00eas<\/strong><\/li>\n<li><strong>N\u00edvel de dificuldade: f\u00e1cil<\/strong><\/li>\n<li><strong>Cerca de 13 a 18cm, dependendo dos fios e da agulha<\/strong><\/li>\n<\/ul>\n<p>&nbsp;<\/p>\n","protected":false},"featured_media":1037,"template":"","meta":{"om_disable_all_campaigns":false,"_monsterinsights_skip_tracking":false,"_monsterinsights_sitenote_active":false,"_monsterinsights_sitenote_note":"","_monsterinsights_sitenote_category":0},"product_brand":[],"product_cat":[24,47,42,46],"product_tag":[48,44,45,43],"class_list":{"0":"post-1034","1":"product","2":"type-product","3":"status-publish","4":"has-post-thumbnail","6":"product_cat-receitas","7":"product_cat-animais","8":"product_cat-filmes-serie","9":"product_cat-herois-viloes","10":"product_tag-animais","11":"product_tag-loki","12":"product_tag-marvel","13":"product_tag-series","15":"first","16":"instock","17":"downloadable","18":"virtual","19":"taxable","20":"purchasable","21":"product-type-simple"},"aioseo_notices":[],"_links":{"self":[{"href":"https:\/\/bosquegurumi.com\/index.php\/wp-json\/wp\/v2\/product\/1034","targetHints":{"allow":["GET"]}}],"collection":[{"href":"https:\/\/bosquegurumi.com\/index.php\/wp-json\/wp\/v2\/product"}],"about":[{"href":"https:\/\/bosquegurumi.com\/index.php\/wp-json\/wp\/v2\/types\/product"}],"wp:featuredmedia":[{"embeddable":true,"href":"https:\/\/bosquegurumi.com\/index.php\/wp-json\/wp\/v2\/media\/1037"}],"wp:attachment":[{"href":"https:\/\/bosquegurumi.com\/index.php\/wp-json\/wp\/v2\/media?parent=1034"}],"wp:term":[{"taxonomy":"product_brand","embeddable":true,"href":"https:\/\/bosquegurumi.com\/index.php\/wp-json\/wp\/v2\/product_brand?post=1034"},{"taxonomy":"product_cat","embeddable":true,"href":"https:\/\/bosquegurumi.com\/index.php\/wp-json\/wp\/v2\/product_cat?post=1034"},{"taxonomy":"product_tag","embeddable":true,"href":"https:\/\/bosquegurumi.com\/index.php\/wp-json\/wp\/v2\/product_tag?post=1034"}],"curies":[{"name":"wp","href":"https:\/\/api.w.org\/{rel}","templated":true}]}}