{"id":10241,"date":"2024-10-14T16:57:09","date_gmt":"2024-10-14T19:57:09","guid":{"rendered":"https:\/\/bosquegurumi.com\/?post_type=product&#038;p=10241"},"modified":"2024-12-16T00:03:20","modified_gmt":"2024-12-16T03:03:20","slug":"ruby-hoshino-amigurumi-oshi-no-ko","status":"publish","type":"product","link":"https:\/\/bosquegurumi.com\/index.php\/produto\/ruby-hoshino-amigurumi-oshi-no-ko\/","title":{"rendered":"Ruby Hoshino amigurumi (Oshi no Ko) PT\/ENG \u2022 pattern \/ receita"},"content":{"rendered":"<p style=\"text-align: center;\"><strong>Este produto N\u00c3O \u00e9 a boneca pronta, mas um arquivo em PDF para confeccion\u00e1-la!<\/strong><\/p>\n<p>Receita para confec\u00e7\u00e3o dos amigurumis fanarts das <strong>vers\u00f5es grande ou pequena da Ruby Hoshino<\/strong>, personagem do anime e mang\u00e1 &#8220;<strong>Oshi no Ko&#8221; <\/strong>ou<strong> &#8220;Minha Estrela Preferida&#8221;<\/strong>.<\/p>\n<ul>\n<li>Padr\u00f5es em portugu\u00eas;<\/li>\n<li>Amigurumis em m\u00e9dia com 16cm (pequeno) e 22cm (grande);<\/li>\n<li>N\u00edvel de dificuldade intermedi\u00e1rio (pequeno) e avan\u00e7ado (grande);<\/li>\n<li>Receitas com v\u00eddeos de apoio e fotos.<\/li>\n<\/ul>\n<p><a href=\"https:\/\/bosquegurumi.com\/index.php\/produto-tag\/oshi-no-ko\/\" target=\"_blank\" rel=\"noopener\"><span style=\"text-decoration: underline;\"><strong>Confira outros padr\u00f5es de Oshi no Ko!<\/strong><\/span><\/a><\/p>\n<p>Este e os demais PDFs n\u00e3o s\u00e3o enviados por e-mail! Fa\u00e7a o download do(s) arquivo(s) acessando Minha Conta \u300b Downloads.<\/p>\n<p><strong>Este e os demais padr\u00f5es deste site s\u00e3o de uso pessoal e exclusivo, sendo proibido compartilh\u00e1-los, vend\u00ea-los, troc\u00e1-los e\/ou distribu\u00ed-los por quaisquer meios. Ao adquiri-los, voc\u00ea concorda com tais termos e condi\u00e7\u00f5es de uso.<\/strong><\/p>\n<p style=\"text-align: center;\">______________________________________________<\/p>\n<p style=\"text-align: center;\"><strong>These products aren&#8217;t amigurumi dolls, but PDF patterns to make them!<\/strong><\/p>\n<p style=\"text-align: center;\"><b>Ruby Hoshino <\/b>amigurumi pattern from <strong>&#8220;Oshi no Ko&#8221; \/ &#8220;My Star&#8221;.<\/strong><br \/>\nYou must<strong> <a href=\"https:\/\/bosquegurumi.com\/index.php\/minha-conta\/\">log in<\/a><\/strong> to buy the PDFs and download them.<\/p>\n<ul>\n<li>The patterns language is English;<\/li>\n<li>PDFs contain detailed instructions to make the dolls;<\/li>\n<li>List of materials and stitches used;<\/li>\n<li>Approximately 16cm (small doll) and 22mm (big doll);<\/li>\n<li>Difficulty level: intermediate level (small doll) and advanced level (big doll).<\/li>\n<\/ul>\n<p><a href=\"https:\/\/bosquegurumi.com\/index.php\/produto-tag\/my-star\/\" target=\"_blank\" rel=\"noopener\"><span style=\"text-decoration: underline;\"><strong>Check out more Oshi no Ko amigurumi patterns!<\/strong><\/span><\/a><\/p>\n<p>If you have doubts, you can <a href=\"https:\/\/bosquegurumi.com\/index.php\/contactus\/\">contact me<\/a>.<\/p>\n<p><strong>These patterns are for personal use only, which means it\u2019s forbidden to share or to sell the PDFs.<\/strong><\/p>\n<p><strong>The files will be available for download after the payment. Access MY ACCOUNT (Minha Conta) &gt;&gt; DOWNLOADS to download them.<\/strong><\/p>\n<p>&nbsp;<\/p>\n<p>&nbsp;<\/p>\n","protected":false},"excerpt":{"rendered":"<p>Receitas para confec\u00e7\u00e3o do amigurumi da <strong>Ruby Hoshino<\/strong>, personagem da obra &#8220;<strong>Oshi no Ko<\/strong>&#8220;. Os PDFs\/amigurumis contam com:<\/p>\n<ul>\n<li>Cerca de 16cm e 22cm (pequeno e grande, respectivamente);<\/li>\n<li>N\u00edvel de dificuldade intermedi\u00e1rio (pqn) e avan\u00e7ado (grd);<\/li>\n<li>Fotos e conte\u00fado detalhado;<\/li>\n<li>V\u00eddeos de apoio.<\/li>\n<\/ul>\n<p style=\"text-align: center;\">= = = = = = = = = = = =<\/p>\n<p><strong>Ruby Hoshino<\/strong> inspired amigurumi pattern from &#8220;<strong>Oshi no Ko<\/strong>&#8221; or &#8220;My Star&#8221;.<\/p>\n<ul>\n<li>Patterns in English;<\/li>\n<li>Amigurumi size: about 16cm and 22cm (small and big dolls, respectively);<\/li>\n<li>Difficulty level: intermediate level (small) and advanced level (big).<\/li>\n<\/ul>\n<p><strong>International purchases: payment via PayPal<\/strong><\/p>\n<p><em><strong>You must <a href=\"https:\/\/bosquegurumi.com\/index.php\/minha-conta\/\">log in<\/a> to buy the PDF(s) and download it (them)<\/strong>.<\/em><\/p>\n<p>The file(s) will be available for download after the payment. Access MY ACCOUNT (Minha Conta) &gt;&gt; DOWNLOADS to download it (them).<\/p>\n<p>&nbsp;<\/p>\n<div id=\"malwarebytes-root\"><em><span style=\"text-decoration: underline;\">Note<\/span>: The price is in Brazilian real (BRA). The currency is converted by PayPal to your local currency during the checkout.\u00a0<\/em><\/div>\n<div>.<\/div>\n","protected":false},"featured_media":10118,"template":"","meta":{"om_disable_all_campaigns":false,"_monsterinsights_skip_tracking":false,"_monsterinsights_sitenote_active":false,"_monsterinsights_sitenote_note":"","_monsterinsights_sitenote_category":0},"product_brand":[],"product_cat":[40,24,53],"product_tag":[58,59,72,128,127],"class_list":{"0":"post-10241","1":"product","2":"type-product","3":"status-publish","4":"has-post-thumbnail","6":"product_cat-patterns","7":"product_cat-receitas","8":"product_cat-otaku","9":"product_tag-anime","10":"product_tag-manga","11":"product_tag-minigurumi","12":"product_tag-my-star","13":"product_tag-oshi-no-ko","15":"first","16":"instock","17":"taxable","18":"shipping-taxable","19":"purchasable","20":"product-type-variable"},"aioseo_notices":[],"_links":{"self":[{"href":"https:\/\/bosquegurumi.com\/index.php\/wp-json\/wp\/v2\/product\/10241","targetHints":{"allow":["GET"]}}],"collection":[{"href":"https:\/\/bosquegurumi.com\/index.php\/wp-json\/wp\/v2\/product"}],"about":[{"href":"https:\/\/bosquegurumi.com\/index.php\/wp-json\/wp\/v2\/types\/product"}],"wp:featuredmedia":[{"embeddable":true,"href":"https:\/\/bosquegurumi.com\/index.php\/wp-json\/wp\/v2\/media\/10118"}],"wp:attachment":[{"href":"https:\/\/bosquegurumi.com\/index.php\/wp-json\/wp\/v2\/media?parent=10241"}],"wp:term":[{"taxonomy":"product_brand","embeddable":true,"href":"https:\/\/bosquegurumi.com\/index.php\/wp-json\/wp\/v2\/product_brand?post=10241"},{"taxonomy":"product_cat","embeddable":true,"href":"https:\/\/bosquegurumi.com\/index.php\/wp-json\/wp\/v2\/product_cat?post=10241"},{"taxonomy":"product_tag","embeddable":true,"href":"https:\/\/bosquegurumi.com\/index.php\/wp-json\/wp\/v2\/product_tag?post=10241"}],"curies":[{"name":"wp","href":"https:\/\/api.w.org\/{rel}","templated":true}]}}