{"id":10105,"date":"2024-10-16T21:20:17","date_gmt":"2024-10-17T00:20:17","guid":{"rendered":"https:\/\/bosquegurumi.com\/?post_type=product&#038;p=10105"},"modified":"2025-01-08T16:29:50","modified_gmt":"2025-01-08T19:29:50","slug":"joker-amigurumi-coringa","status":"publish","type":"product","link":"https:\/\/bosquegurumi.com\/index.php\/produto\/joker-amigurumi-coringa\/","title":{"rendered":"Joker \/ Coringa amigurumi [PT\/ENG] pattern \/ receita"},"content":{"rendered":"<p style=\"text-align: center;\"><strong>Este(s) produto(s) N\u00c3O \u00e9(s\u00e3o) o(s) boneco(s) pronto(s),<br \/>\nmas arquivo(s) em PDF para produzi-lo(s)!<\/strong><\/p>\n<p>Receita para confec\u00e7\u00e3o dos amigurumis fanarts do <strong>Coringa\/Joker<\/strong>, personagem dos quadrinhos do Batman.<\/p>\n<ul>\n<li>Padr\u00f5es em portugu\u00eas;<\/li>\n<li>Amigurumis em m\u00e9dia com 10cm (agulha 2,25mm);<\/li>\n<li>N\u00edvel de dificuldade f\u00e1cil-intermedi\u00e1rio;<\/li>\n<li>Receitas com v\u00eddeos de apoio e fotos.<\/li>\n<\/ul>\n<p>Este e os demais PDFs n\u00e3o s\u00e3o enviados por e-mail! Fa\u00e7a o download do(s) arquivo(s) acessando Minha Conta \u300b Downloads.<\/p>\n<p><strong>Este e os demais padr\u00f5es deste site s\u00e3o de uso pessoal e exclusivo, sendo proibido compartilh\u00e1-los, vend\u00ea-los, troc\u00e1-los e\/ou distribu\u00ed-los por quaisquer meios. Ao adquiri-los, voc\u00ea concorda com tais termos e condi\u00e7\u00f5es de uso.<\/strong><\/p>\n<p style=\"text-align: center;\">______________________________________________<\/p>\n<p style=\"text-align: center;\"><strong>These products aren&#8217;t amigurumi dolls, but PDF patterns to make them!<\/strong><\/p>\n<p style=\"text-align: center;\">Joker-inspired amigurumi pattern<strong>.<\/strong><br \/>\nYou must<strong> <a href=\"https:\/\/bosquegurumi.com\/index.php\/minha-conta\/\">log in<\/a><\/strong> to buy the PDF(s) and download it (them).<\/p>\n<ul>\n<li>The pattern(s) language is English;<\/li>\n<li>PDFs contain detailed instructions to make the dolls;<\/li>\n<li>List of materials and stitches used;<\/li>\n<li>Approximately 10cm (2.25mm crochet hook);<\/li>\n<li>Difficulty level: easy-intermediate level.<\/li>\n<\/ul>\n<p>If you have doubts, you can <a href=\"https:\/\/bosquegurumi.com\/index.php\/contactus\/\">contact me<\/a>.<\/p>\n<p><strong>These patterns are for personal use only, which means it\u2019s forbidden to share or to sell the PDFs.<\/strong><\/p>\n<p><strong>The files will be available for download after the payment. Access MY ACCOUNT (Minha Conta) &gt;&gt; DOWNLOADS to download them.<\/strong><\/p>\n<p>&nbsp;<\/p>\n<p>&nbsp;<\/p>\n","protected":false},"excerpt":{"rendered":"<p>Receitas para confec\u00e7\u00e3o dos amigurumis do <strong>Coringa<\/strong>. O(s) PDF(s)\/amigurumi(s) conta(m) com:<\/p>\n<ul>\n<li>Cerca de 10cm (agulha 2,25mm);<\/li>\n<li>N\u00edvel de dificuldade f\u00e1cil-intermedi\u00e1rio;<\/li>\n<li>Fotos e conte\u00fado detalhado;<\/li>\n<li>V\u00eddeos de apoio.<\/li>\n<\/ul>\n<p style=\"text-align: center;\">= = = = = = = = = = = =<\/p>\n<p><b>Joker<\/b>-inspired amigurumi pattern.<\/p>\n<ul>\n<li>Pattern in English;<\/li>\n<li>Amigurumi size: about 10cm (working with 2.25mm crochet hooks);<\/li>\n<li>Difficulty level: easy-intermediate level.<\/li>\n<\/ul>\n<p><strong>International purchases: payment via PayPal<\/strong><\/p>\n<p><em><strong>You must <a href=\"https:\/\/bosquegurumi.com\/index.php\/minha-conta\/\">log in<\/a> to buy the PDF(s) and download it (them)<\/strong>.<\/em><\/p>\n<p>The file(s) will be available for download after the payment. Access MY ACCOUNT (Minha Conta) &gt;&gt; DOWNLOADS to download it (them).<\/p>\n<p>&nbsp;<\/p>\n<div id=\"malwarebytes-root\"><em><span style=\"text-decoration: underline;\">Note<\/span>: The price is in Brazilian real (BRA). The currency is converted by PayPal to your local currency during the checkout.\u00a0<\/em><\/div>\n<div>.<\/div>\n","protected":false},"featured_media":10178,"template":"","meta":{"om_disable_all_campaigns":false,"_monsterinsights_skip_tracking":false,"_monsterinsights_sitenote_active":false,"_monsterinsights_sitenote_note":"","_monsterinsights_sitenote_category":0},"product_brand":[],"product_cat":[40,24,42],"product_tag":[134,133,72,132],"class_list":{"0":"post-10105","1":"product","2":"type-product","3":"status-publish","4":"has-post-thumbnail","6":"product_cat-patterns","7":"product_cat-receitas","8":"product_cat-filmes-serie","9":"product_tag-comics","10":"product_tag-hq","11":"product_tag-minigurumi","12":"product_tag-villains","14":"first","15":"instock","16":"taxable","17":"shipping-taxable","18":"purchasable","19":"product-type-variable","20":"has-default-attributes"},"aioseo_notices":[],"_links":{"self":[{"href":"https:\/\/bosquegurumi.com\/index.php\/wp-json\/wp\/v2\/product\/10105","targetHints":{"allow":["GET"]}}],"collection":[{"href":"https:\/\/bosquegurumi.com\/index.php\/wp-json\/wp\/v2\/product"}],"about":[{"href":"https:\/\/bosquegurumi.com\/index.php\/wp-json\/wp\/v2\/types\/product"}],"wp:featuredmedia":[{"embeddable":true,"href":"https:\/\/bosquegurumi.com\/index.php\/wp-json\/wp\/v2\/media\/10178"}],"wp:attachment":[{"href":"https:\/\/bosquegurumi.com\/index.php\/wp-json\/wp\/v2\/media?parent=10105"}],"wp:term":[{"taxonomy":"product_brand","embeddable":true,"href":"https:\/\/bosquegurumi.com\/index.php\/wp-json\/wp\/v2\/product_brand?post=10105"},{"taxonomy":"product_cat","embeddable":true,"href":"https:\/\/bosquegurumi.com\/index.php\/wp-json\/wp\/v2\/product_cat?post=10105"},{"taxonomy":"product_tag","embeddable":true,"href":"https:\/\/bosquegurumi.com\/index.php\/wp-json\/wp\/v2\/product_tag?post=10105"}],"curies":[{"name":"wp","href":"https:\/\/api.w.org\/{rel}","templated":true}]}}