{"id":10097,"date":"2024-10-15T07:50:36","date_gmt":"2024-10-15T10:50:36","guid":{"rendered":"https:\/\/bosquegurumi.com\/?post_type=product&#038;p=10097"},"modified":"2025-03-26T20:10:13","modified_gmt":"2025-03-26T23:10:13","slug":"oshi-no-ko-amigurumis-big","status":"publish","type":"product","link":"https:\/\/bosquegurumi.com\/index.php\/produto\/oshi-no-ko-amigurumis-big\/","title":{"rendered":"Grand Oshi no Ko \u2013 Volumes I &#038; II [PT\/ENG] receitas de amigurumi \u2022 pattern bundle"},"content":{"rendered":"<p style=\"text-align: center;\"><strong>Este produto n\u00e3o se trata das pe\u00e7as prontas, mas dos arquivos em PDF para confec\u00e7\u00e3o dos amigurumis!<\/strong><\/p>\n<p style=\"text-align: left;\">E-book Oshi no Ko &#8211; Volume I, que re\u00fane padr\u00f5es em PDF para confec\u00e7\u00e3o de dois amigurumis fanarts de <strong>Ruby Hoshino e Kana Arima!<\/strong><\/p>\n<ul>\n<li style=\"text-align: left;\">Padr\u00f5es em portugu\u00eas;<\/li>\n<li style=\"text-align: left;\">Em m\u00e9dia 22cm (agulhas 2mm e 2,25mm);<\/li>\n<li style=\"text-align: left;\">N\u00edvel de dificuldade: avan\u00e7ado;<\/li>\n<li style=\"text-align: left;\">Receitas com v\u00eddeos de apoio e centenas de fotos.<\/li>\n<\/ul>\n<p style=\"text-align: center;\">____________________________________________________<\/p>\n<p style=\"text-align: center;\"><strong>These products aren\u2019t dolls, but inspired amigurumi patterns to make them!<\/strong><\/p>\n<p style=\"text-align: center;\">Oshi no Ko &#8211; Volume I pattern bundle: <strong>Ruby Hoshino &amp; Kana Arima<\/strong>\u00a0inspired amigurumi patterns.<\/p>\n<p style=\"text-align: center;\">You must <span style=\"text-decoration: underline;\"><a href=\"https:\/\/bosquegurumi.com\/index.php\/minha-conta\/\">log in<\/a><\/span> to buy the PDFs and download them.<\/p>\n<ul>\n<li>The patterns language is English;<\/li>\n<li>PDFs contain detailed instructions to make the amigurumis;<\/li>\n<li>Video tutorials and dozens of pictures to facilitate your work!<\/li>\n<li>List of materials and stitches used;<\/li>\n<li>Approximately 22cm (2mm and 2.25mm crochet hooks);<\/li>\n<li>Patterns level: advanced level.<\/li>\n<\/ul>\n<p>If you have doubts, you can <a href=\"https:\/\/bosquegurumi.com\/index.php\/contactus\/\">contact me<\/a>.<\/p>\n<p><strong>The patterns are for personal use only, which means it\u2019s forbidden to share or to sell the PDFs.<\/strong><\/p>\n<p><strong>The files will be available for download after the payment. Access MY ACCOUNT (Minha Conta) &gt;&gt; DOWNLOADS to download them.<\/strong><\/p>\n","protected":false},"excerpt":{"rendered":"<p style=\"text-align: center;\"><strong>VOLUME I\u00a0<\/strong><br \/>\nE-book de receitas para confec\u00e7\u00e3o dos amigurumis fanart de Ruby Hoshino e Kana Arima, de Oshi no Ko\/Minha Estrela Favorita.<\/p>\n<p style=\"text-align: center;\"><a href=\"https:\/\/bosquegurumi.com\/index.php\/produto-tag\/oshi-no-ko\/\" target=\"_blank\" rel=\"noopener\"><strong><span style=\"text-decoration: underline;\">Padr\u00f5es individuais dispon\u00edveis aqui<\/span><\/strong><\/a><\/p>\n<p style=\"text-align: center;\"><strong>=<\/strong> = = = = = = = = = = = = = = = = =<\/p>\n<p>Oshi no Ko: Volume I pattern bundle includes two PDF files: <strong>Ruby Hoshino and Kana Arima<\/strong>.<\/p>\n<p style=\"text-align: center;\"><a href=\"https:\/\/bosquegurumi.com\/index.php\/produto-tag\/my-star\/\" target=\"_blank\" rel=\"noopener\"><strong><span style=\"text-decoration: underline;\">Click here for individual patterns<\/span><\/strong><\/a><\/p>\n<ul>\n<li>Patterns in English;<\/li>\n<li>Size: about 22cm (2mm and 2.25 crochet hook);<\/li>\n<li>Difficulty level: advanced level.<\/li>\n<\/ul>\n<p><strong>International purchases: payment via PayPal<\/strong><\/p>\n<p>The price is in Brazilian Real. It&#8217;s converted by Paypal to your local currency during checkout.<\/p>\n<p><em><strong>You must <a href=\"https:\/\/bosquegurumi.com\/index.php\/minha-conta\/\">log in<\/a> to buy the PDFs and download them<\/strong>. Access MY ACCOUNT (Minha Conta) &gt;&gt; DOWNLOADS to download them.<\/em><\/p>\n<div>.<\/div>\n","protected":false},"featured_media":10104,"template":"","meta":{"om_disable_all_campaigns":false,"_monsterinsights_skip_tracking":false,"_monsterinsights_sitenote_active":false,"_monsterinsights_sitenote_note":"","_monsterinsights_sitenote_category":0},"product_brand":[],"product_cat":[40,24,53],"product_tag":[58,131,59,128,127],"class_list":{"0":"post-10097","1":"product","2":"type-product","3":"status-publish","4":"has-post-thumbnail","6":"product_cat-patterns","7":"product_cat-receitas","8":"product_cat-otaku","9":"product_tag-anime","10":"product_tag-idol","11":"product_tag-manga","12":"product_tag-my-star","13":"product_tag-oshi-no-ko","15":"first","16":"instock","17":"taxable","18":"shipping-taxable","19":"purchasable","20":"product-type-variable"},"aioseo_notices":[],"_links":{"self":[{"href":"https:\/\/bosquegurumi.com\/index.php\/wp-json\/wp\/v2\/product\/10097","targetHints":{"allow":["GET"]}}],"collection":[{"href":"https:\/\/bosquegurumi.com\/index.php\/wp-json\/wp\/v2\/product"}],"about":[{"href":"https:\/\/bosquegurumi.com\/index.php\/wp-json\/wp\/v2\/types\/product"}],"wp:featuredmedia":[{"embeddable":true,"href":"https:\/\/bosquegurumi.com\/index.php\/wp-json\/wp\/v2\/media\/10104"}],"wp:attachment":[{"href":"https:\/\/bosquegurumi.com\/index.php\/wp-json\/wp\/v2\/media?parent=10097"}],"wp:term":[{"taxonomy":"product_brand","embeddable":true,"href":"https:\/\/bosquegurumi.com\/index.php\/wp-json\/wp\/v2\/product_brand?post=10097"},{"taxonomy":"product_cat","embeddable":true,"href":"https:\/\/bosquegurumi.com\/index.php\/wp-json\/wp\/v2\/product_cat?post=10097"},{"taxonomy":"product_tag","embeddable":true,"href":"https:\/\/bosquegurumi.com\/index.php\/wp-json\/wp\/v2\/product_tag?post=10097"}],"curies":[{"name":"wp","href":"https:\/\/api.w.org\/{rel}","templated":true}]}}