{"id":64,"date":"2021-08-24T18:54:58","date_gmt":"2021-08-24T21:54:58","guid":{"rendered":"https:\/\/bosquegurumi.com\/?page_id=64"},"modified":"2023-01-18T01:02:45","modified_gmt":"2023-01-18T04:02:45","slug":"sobre","status":"publish","type":"page","link":"https:\/\/bosquegurumi.com\/index.php\/sobre\/","title":{"rendered":"Sobre"},"content":{"rendered":"\t\t<div data-elementor-type=\"wp-page\" data-elementor-id=\"64\" class=\"elementor elementor-64\">\n\t\t\t\t\t\t<section class=\"elementor-section elementor-top-section elementor-element elementor-element-7ef5a56 elementor-section-boxed elementor-section-height-default elementor-section-height-default\" data-id=\"7ef5a56\" data-element_type=\"section\">\n\t\t\t\t\t\t<div class=\"elementor-container elementor-column-gap-default\">\n\t\t\t\t\t<div class=\"elementor-column elementor-col-100 elementor-top-column elementor-element elementor-element-243f0aa\" data-id=\"243f0aa\" data-element_type=\"column\">\n\t\t\t<div class=\"elementor-widget-wrap elementor-element-populated\">\n\t\t\t\t\t\t<div class=\"elementor-element elementor-element-f35d15a elementor-widget elementor-widget-heading\" data-id=\"f35d15a\" data-element_type=\"widget\" data-widget_type=\"heading.default\">\n\t\t\t\t<div class=\"elementor-widget-container\">\n\t\t\t\t\t<h1 class=\"elementor-heading-title elementor-size-default\"><b>Sobre Mim &amp; Bosquegurumi<\/b><\/h1>\t\t\t\t<\/div>\n\t\t\t\t<\/div>\n\t\t\t\t\t<\/div>\n\t\t<\/div>\n\t\t\t\t\t<\/div>\n\t\t<\/section>\n\t\t\t\t<section class=\"elementor-section elementor-top-section elementor-element elementor-element-24370ae elementor-section-boxed elementor-section-height-default elementor-section-height-default\" data-id=\"24370ae\" data-element_type=\"section\">\n\t\t\t\t\t\t<div class=\"elementor-container elementor-column-gap-default\">\n\t\t\t\t\t<div class=\"elementor-column elementor-col-25 elementor-top-column elementor-element elementor-element-2f9283f\" data-id=\"2f9283f\" data-element_type=\"column\">\n\t\t\t<div class=\"elementor-widget-wrap elementor-element-populated\">\n\t\t\t\t\t\t<div class=\"elementor-element elementor-element-0f66055 elementor-widget elementor-widget-spacer\" data-id=\"0f66055\" data-element_type=\"widget\" data-widget_type=\"spacer.default\">\n\t\t\t\t<div class=\"elementor-widget-container\">\n\t\t\t\t\t\t\t<div class=\"elementor-spacer\">\n\t\t\t<div class=\"elementor-spacer-inner\"><\/div>\n\t\t<\/div>\n\t\t\t\t\t\t<\/div>\n\t\t\t\t<\/div>\n\t\t\t\t\t<\/div>\n\t\t<\/div>\n\t\t\t\t<div class=\"elementor-column elementor-col-25 elementor-top-column elementor-element elementor-element-b2ff9b7\" data-id=\"b2ff9b7\" data-element_type=\"column\">\n\t\t\t<div class=\"elementor-widget-wrap elementor-element-populated\">\n\t\t\t\t\t\t<div class=\"elementor-element elementor-element-e731d0e elementor-widget elementor-widget-image\" data-id=\"e731d0e\" data-element_type=\"widget\" data-widget_type=\"image.default\">\n\t\t\t\t<div class=\"elementor-widget-container\">\n\t\t\t\t\t\t\t\t\t\t\t\t\t\t\t<img fetchpriority=\"high\" decoding=\"async\" width=\"640\" height=\"696\" src=\"https:\/\/bosquegurumi.com\/wp-content\/uploads\/2021\/08\/sobre1-1-942x1024.png\" class=\"attachment-large size-large wp-image-100\" alt=\"\" srcset=\"https:\/\/bosquegurumi.com\/wp-content\/uploads\/2021\/08\/sobre1-1-942x1024.png 942w, https:\/\/bosquegurumi.com\/wp-content\/uploads\/2021\/08\/sobre1-1-600x652.png 600w, https:\/\/bosquegurumi.com\/wp-content\/uploads\/2021\/08\/sobre1-1-276x300.png 276w, https:\/\/bosquegurumi.com\/wp-content\/uploads\/2021\/08\/sobre1-1-768x835.png 768w, https:\/\/bosquegurumi.com\/wp-content\/uploads\/2021\/08\/sobre1-1.png 1078w\" sizes=\"(max-width: 640px) 100vw, 640px\" \/>\t\t\t\t\t\t\t\t\t\t\t\t\t\t\t<\/div>\n\t\t\t\t<\/div>\n\t\t\t\t\t<\/div>\n\t\t<\/div>\n\t\t\t\t<div class=\"elementor-column elementor-col-25 elementor-top-column elementor-element elementor-element-74554fd\" data-id=\"74554fd\" data-element_type=\"column\">\n\t\t\t<div class=\"elementor-widget-wrap elementor-element-populated\">\n\t\t\t\t\t\t<div class=\"elementor-element elementor-element-b9ad7e5 elementor-widget elementor-widget-text-editor\" data-id=\"b9ad7e5\" data-element_type=\"widget\" data-widget_type=\"text-editor.default\">\n\t\t\t\t<div class=\"elementor-widget-container\">\n\t\t\t\t\t\t\t\t\t<font face=\"poppins\" color=\"#404040\">\n\n<b>Oie, voc\u00ea!<\/b><\/font>\n\n<p style=\"color: #404040; font-family: poppins; font-size:15px;\">\n\nEu sou a\u00a0<b>Paola<\/b>, artes\u00e3 por tr\u00e1s do Bosquegurumi, onde personagens que amamos ganham vida em amigurumis e receitas! Apesar de fazer croch\u00ea desde a inf\u00e2ncia, os bonecos de croch\u00ea s\u00f3 entraram na minha vida em 2020.<\/span>\n\n<br><\/br>\n\nAli\u00e1s, foi para dar vida \u00e0s hist\u00f3rias que amava que comecei a fazer amigurumis. Apaixonada pelos universos geek, otaku e fant\u00e1stico, tudo que fazia no in\u00edcio eram projetos pessoais, mas aos poucos tudo foi se tornando maior e mais profissional at\u00e9 que se tornou minha paix\u00e3o e meu trabalho \u2013 que eu amo!\n\n<br><\/br>\n\nMinha forma\u00e7\u00e3o crocheteira vem principalmente da pr\u00e1tica, j\u00e1 as minhas forma\u00e7\u00f5es acad\u00eamicas s\u00e3o nas \u00e1reas de comunica\u00e7\u00e3o e filosofia &#8211; e eu uso muito delas no trabalho com croch\u00ea!\t\t\t\t\t\t\t\t<\/div>\n\t\t\t\t<\/div>\n\t\t\t\t\t<\/div>\n\t\t<\/div>\n\t\t\t\t<div class=\"elementor-column elementor-col-25 elementor-top-column elementor-element elementor-element-e2e82a4\" data-id=\"e2e82a4\" data-element_type=\"column\">\n\t\t\t<div class=\"elementor-widget-wrap\">\n\t\t\t\t\t\t\t<\/div>\n\t\t<\/div>\n\t\t\t\t\t<\/div>\n\t\t<\/section>\n\t\t\t\t<section class=\"elementor-section elementor-top-section elementor-element elementor-element-d154055 elementor-section-boxed elementor-section-height-default elementor-section-height-default\" data-id=\"d154055\" data-element_type=\"section\">\n\t\t\t\t\t\t<div class=\"elementor-container elementor-column-gap-default\">\n\t\t\t\t\t<div class=\"elementor-column elementor-col-100 elementor-top-column elementor-element elementor-element-c16ad85\" data-id=\"c16ad85\" data-element_type=\"column\">\n\t\t\t<div class=\"elementor-widget-wrap elementor-element-populated\">\n\t\t\t\t\t\t<div class=\"elementor-element elementor-element-112ae40 elementor-widget elementor-widget-spacer\" data-id=\"112ae40\" data-element_type=\"widget\" data-widget_type=\"spacer.default\">\n\t\t\t\t<div class=\"elementor-widget-container\">\n\t\t\t\t\t\t\t<div class=\"elementor-spacer\">\n\t\t\t<div class=\"elementor-spacer-inner\"><\/div>\n\t\t<\/div>\n\t\t\t\t\t\t<\/div>\n\t\t\t\t<\/div>\n\t\t\t\t\t<\/div>\n\t\t<\/div>\n\t\t\t\t\t<\/div>\n\t\t<\/section>\n\t\t\t\t<section class=\"elementor-section elementor-top-section elementor-element elementor-element-c4efeee elementor-section-boxed elementor-section-height-default elementor-section-height-default\" data-id=\"c4efeee\" data-element_type=\"section\">\n\t\t\t\t\t\t<div class=\"elementor-container elementor-column-gap-default\">\n\t\t\t\t\t<div class=\"elementor-column elementor-col-25 elementor-top-column elementor-element elementor-element-8d9bba8\" data-id=\"8d9bba8\" data-element_type=\"column\">\n\t\t\t<div class=\"elementor-widget-wrap\">\n\t\t\t\t\t\t\t<\/div>\n\t\t<\/div>\n\t\t\t\t<div class=\"elementor-column elementor-col-25 elementor-top-column elementor-element elementor-element-9fff41a\" data-id=\"9fff41a\" data-element_type=\"column\">\n\t\t\t<div class=\"elementor-widget-wrap elementor-element-populated\">\n\t\t\t\t\t\t<div class=\"elementor-element elementor-element-794eb90 elementor-widget elementor-widget-text-editor\" data-id=\"794eb90\" data-element_type=\"widget\" data-widget_type=\"text-editor.default\">\n\t\t\t\t<div class=\"elementor-widget-container\">\n\t\t\t\t\t\t\t\t\t<font face=\"poppins\" color=\"#404040\">\n\n<b>Bosquegurumi<\/b><\/font>\n\n<p style=\"color: #404040; font-family: poppins; font-size:15px;\">\n\nImagine um lugar cheio de encantos e possibilidades. Esse local em que tudo pode acontecer e que a imagina\u00e7\u00e3o ganha vida \u00e9 o Bosque!\u00a0O nome do ateli\u00ea foi pensado para levar essa magia at\u00e9 voc\u00ea, mas tamb\u00e9m foi inspirado pelo amor pelo verde e pelo respeito \u00e0 natureza.\n\n<br><\/br>\n\nAl\u00e9m disso, o objetivo \u00e9 que a nossa miss\u00e3o \u2013 \u201cslow life\u201d, movimento que prop\u00f5e uma \u201cdesacelera\u00e7\u00e3o\u201d da vida e aprecia\u00e7\u00e3o dos momentos \u2013 renda frutos que cres\u00e7am e se espalhem pelo mundo, como as \u00e1rvores!\n\n<br><\/br>\n\nMuito obrigada por ajudar a plantar essa semente!\t\t\t\t\t\t\t\t<\/div>\n\t\t\t\t<\/div>\n\t\t\t\t\t<\/div>\n\t\t<\/div>\n\t\t\t\t<div class=\"elementor-column elementor-col-25 elementor-top-column elementor-element elementor-element-4e68d2b\" data-id=\"4e68d2b\" data-element_type=\"column\">\n\t\t\t<div class=\"elementor-widget-wrap elementor-element-populated\">\n\t\t\t\t\t\t<div class=\"elementor-element elementor-element-eac813f elementor-widget elementor-widget-image\" data-id=\"eac813f\" data-element_type=\"widget\" data-widget_type=\"image.default\">\n\t\t\t\t<div class=\"elementor-widget-container\">\n\t\t\t\t\t\t\t\t\t\t\t\t\t\t\t<img decoding=\"async\" width=\"640\" height=\"706\" src=\"https:\/\/bosquegurumi.com\/wp-content\/uploads\/2021\/08\/sobre2-928x1024.png\" class=\"attachment-large size-large wp-image-107\" alt=\"\" srcset=\"https:\/\/bosquegurumi.com\/wp-content\/uploads\/2021\/08\/sobre2-928x1024.png 928w, https:\/\/bosquegurumi.com\/wp-content\/uploads\/2021\/08\/sobre2-600x662.png 600w, https:\/\/bosquegurumi.com\/wp-content\/uploads\/2021\/08\/sobre2-272x300.png 272w, https:\/\/bosquegurumi.com\/wp-content\/uploads\/2021\/08\/sobre2-768x847.png 768w, https:\/\/bosquegurumi.com\/wp-content\/uploads\/2021\/08\/sobre2.png 1038w\" sizes=\"(max-width: 640px) 100vw, 640px\" \/>\t\t\t\t\t\t\t\t\t\t\t\t\t\t\t<\/div>\n\t\t\t\t<\/div>\n\t\t\t\t\t<\/div>\n\t\t<\/div>\n\t\t\t\t<div class=\"elementor-column elementor-col-25 elementor-top-column elementor-element elementor-element-59d8431\" data-id=\"59d8431\" data-element_type=\"column\">\n\t\t\t<div class=\"elementor-widget-wrap\">\n\t\t\t\t\t\t\t<\/div>\n\t\t<\/div>\n\t\t\t\t\t<\/div>\n\t\t<\/section>\n\t\t\t\t<\/div>\n\t\t","protected":false},"excerpt":{"rendered":"<p>Sobre Mim &#038; Bosquegurumi Oie, voc\u00ea! Eu sou a\u00a0Paola, artes\u00e3 por tr\u00e1s do Bosquegurumi, onde personagens que amamos ganham vida em amigurumis e receitas! Apesar de fazer croch\u00ea desde a inf\u00e2ncia, os bonecos de croch\u00ea s\u00f3 entraram na minha vida em 2020. Ali\u00e1s, foi para dar vida \u00e0s hist\u00f3rias que amava que comecei a fazer [&hellip;]<\/p>\n","protected":false},"author":1,"featured_media":0,"parent":0,"menu_order":0,"comment_status":"closed","ping_status":"closed","template":"elementor_header_footer","meta":{"om_disable_all_campaigns":false,"_monsterinsights_skip_tracking":false,"_monsterinsights_sitenote_active":false,"_monsterinsights_sitenote_note":"","_monsterinsights_sitenote_category":0,"footnotes":""},"class_list":["post-64","page","type-page","status-publish","hentry"],"aioseo_notices":[],"_links":{"self":[{"href":"https:\/\/bosquegurumi.com\/index.php\/wp-json\/wp\/v2\/pages\/64","targetHints":{"allow":["GET"]}}],"collection":[{"href":"https:\/\/bosquegurumi.com\/index.php\/wp-json\/wp\/v2\/pages"}],"about":[{"href":"https:\/\/bosquegurumi.com\/index.php\/wp-json\/wp\/v2\/types\/page"}],"author":[{"embeddable":true,"href":"https:\/\/bosquegurumi.com\/index.php\/wp-json\/wp\/v2\/users\/1"}],"replies":[{"embeddable":true,"href":"https:\/\/bosquegurumi.com\/index.php\/wp-json\/wp\/v2\/comments?post=64"}],"version-history":[{"count":149,"href":"https:\/\/bosquegurumi.com\/index.php\/wp-json\/wp\/v2\/pages\/64\/revisions"}],"predecessor-version":[{"id":5407,"href":"https:\/\/bosquegurumi.com\/index.php\/wp-json\/wp\/v2\/pages\/64\/revisions\/5407"}],"wp:attachment":[{"href":"https:\/\/bosquegurumi.com\/index.php\/wp-json\/wp\/v2\/media?parent=64"}],"curies":[{"name":"wp","href":"https:\/\/api.w.org\/{rel}","templated":true}]}}