{"id":162,"date":"2021-11-24T08:08:58","date_gmt":"2021-11-24T11:08:58","guid":{"rendered":"https:\/\/bosquegurumi.com\/?page_id=162"},"modified":"2023-01-18T01:01:52","modified_gmt":"2023-01-18T04:01:52","slug":"termos-e-condicoes","status":"publish","type":"page","link":"https:\/\/bosquegurumi.com\/index.php\/termos-e-condicoes\/","title":{"rendered":"Termos e Condi\u00e7\u00f5es"},"content":{"rendered":"\t\t<div data-elementor-type=\"wp-post\" data-elementor-id=\"162\" class=\"elementor elementor-162\">\n\t\t\t\t\t\t<section class=\"elementor-section elementor-top-section elementor-element elementor-element-9f30a73 elementor-section-boxed elementor-section-height-default elementor-section-height-default\" data-id=\"9f30a73\" data-element_type=\"section\">\n\t\t\t\t\t\t<div class=\"elementor-container elementor-column-gap-default\">\n\t\t\t\t\t<div class=\"elementor-column elementor-col-100 elementor-top-column elementor-element elementor-element-7800a4b\" data-id=\"7800a4b\" data-element_type=\"column\">\n\t\t\t<div class=\"elementor-widget-wrap elementor-element-populated\">\n\t\t\t\t\t\t<div class=\"elementor-element elementor-element-a168928 elementor-widget elementor-widget-text-editor\" data-id=\"a168928\" data-element_type=\"widget\" data-widget_type=\"text-editor.default\">\n\t\t\t\t<div class=\"elementor-widget-container\">\n\t\t\t\t\t\t\t\t\t<div style=\"color: #CA8887; font-family: poppins;\" align=\"center\">\n<h1><b>Termos e Condi\u00e7\u00f5es<\/b><\/h1>\n&nbsp;\n\n<\/div>\t\t\t\t\t\t\t\t<\/div>\n\t\t\t\t<\/div>\n\t\t\t\t\t<\/div>\n\t\t<\/div>\n\t\t\t\t\t<\/div>\n\t\t<\/section>\n\t\t\t\t<section class=\"elementor-section elementor-top-section elementor-element elementor-element-d83d824 elementor-section-boxed elementor-section-height-default elementor-section-height-default\" data-id=\"d83d824\" data-element_type=\"section\">\n\t\t\t\t\t\t<div class=\"elementor-container elementor-column-gap-default\">\n\t\t\t\t\t<div class=\"elementor-column elementor-col-100 elementor-top-column elementor-element elementor-element-ba12503\" data-id=\"ba12503\" data-element_type=\"column\">\n\t\t\t<div class=\"elementor-widget-wrap elementor-element-populated\">\n\t\t\t\t\t\t<div class=\"elementor-element elementor-element-fd48cf3 elementor-widget elementor-widget-text-editor\" data-id=\"fd48cf3\" data-element_type=\"widget\" data-widget_type=\"text-editor.default\">\n\t\t\t\t<div class=\"elementor-widget-container\">\n\t\t\t\t\t\t\t\t\t<p align=\"justify\">\n<font face=\"poppins\" color=\"#404040\">\n\nConsiderando que a BOSQUEGURUMI realiza venda de produtos e servi\u00e7os pela internet e considerando o interesse do cliente na compra dos produtos oferecidos pela BOSQUEGURUMI em seu site, o presente contrato tem por finalidade estabelecer as condi\u00e7\u00f5es gerais de uso e compra de produtos e servi\u00e7os do cliente do site BOSQUEGURUMI (www.bosquegurumi.com).\n<br><\/br><br>\n\n<b>I. DA CONFIDENCIALIDADE<\/b>\n<br><\/br>\n\n\u00c9 de responsabilidade do servidor da BOSQUEGURUMI a preserva\u00e7\u00e3o da confidencialidade de todos os dados e informa\u00e7\u00f5es fornecidos pelo cliente no processo de compra. A seguran\u00e7a do site \u00e9 auditada e garantida atrav\u00e9s de um ambiente totalmente seguro, que preserva a privacidade de nossos clientes.\n\n<br><\/br><br>\n\n<b>II. SERVI\u00c7O DE ATENDIMENTO AO CLIENTE (SAC)<\/b>\n<br><\/br>\n\nO cliente disp\u00f5e desse servi\u00e7o para sanar suas d\u00favidas, solucionar eventuais solicita\u00e7\u00f5es ou reclama\u00e7\u00f5es a respeito do seu pedido ou de qualquer conte\u00fado disponibilizado no site. O SAC pode ser acionado por <a href=\"https:\/\/api.whatsapp.com\/message\/EC6MVS6LM7R7I1\" target=\"_blank\">telefone<\/a>, preenchimento de <a href=\"https:\/\/bosquegurumi.com\/index.php\/contato\/\" target=\"_blank\">formul\u00e1rio<\/a> ou ainda por envio de e-mail para <a href=\"mailto:contato@bosquegurumi.com\" target=\"_blank\">contato@bosquegurumi.com<\/a>, todos meios acess\u00edveis em nosso site.\n\n\n<br><\/br><br>\n\n<b>III. POL\u00cdTICA DE ENTREGA<\/b><br><\/br>\n\nAp\u00f3s a realiza\u00e7\u00e3o do pagamento ser\u00e1 disponibilizado o link para download do arquivo em PDF, que tamb\u00e9m ficar\u00e1 dispon\u00edvel na \u00e1rea do cliente na aba downloads.\n\nPara os produtos f\u00edsicos, a entrega deve considerar o prazo de acordo com a modalidade de frete escolhida.\n\n\n<br><\/br><br>\n\n<b>IV. DO DIREITO DE ARREPENDIMENTO<\/b><br><\/br>\n\nAp\u00f3s adquirida a receita, por se tratar de um arquivo digital, n\u00e3o \u00e9 permitida a troca ou a devolu\u00e7\u00e3o do mesma. Para os produtos f\u00edsicos, conferir a Pol\u00edtica de Trocas e Devolu\u00e7\u00f5es.\n\n\n<br><\/br><br>\n\n<b>V. POL\u00cdTICA DE TROCAS E DEVOLU\u00c7\u00d5ES<\/b><br><\/br>\n\nPara o arquivo digital, n\u00e3o \u00e9 permitido a troca ou devolu\u00e7\u00e3o do mesmo. Para produtos f\u00edsicos, conferir a p\u00e1gina de Pol\u00edtica de Trocas e Devolu\u00e7\u00f5es.\n\n\n<br><\/br><br>\n\n<b>VI. FORMAS DE PAGAMENTO ACEITAS<\/b><br><\/br>\n\nAtualmente, o site BOSQUEGURUMI trabalha com a op\u00e7\u00e3o de pagamento pelos sistemas Mercado Pago e PagSeguro, que aceita, como forma de pagamento diversos cart\u00f5es de d\u00e9bito e cr\u00e9dito, com op\u00e7\u00e3o de parcelamento para v\u00e1rias bandeiras de cart\u00f5es de cr\u00e9dito (Visa, MasterCard, American Express, Elo, etc.), bem como boleto banc\u00e1rio e PIX para pagamentos \u00e0 vista. Assim, suas compras podem ser parceladas, com ou sem juros, dependendo do valor e quantidade de vezes selecionada.\n<br><\/br>\n\nOptamos pelos sistemas acima por serem formas seguras e tradicionais para compras via internet.\n\n\n<br><\/br><br>\n\n<b>VII. PRAZOS DE ENTREGA E FORMA DE PAGAMENTO<\/b><br><\/br>\n\nO arquivo em PDF ser\u00e1 disponibilizado ap\u00f3s a realiza\u00e7\u00e3o do pagamento no site, onde ficar\u00e1 dispon\u00edvel para download no painel do usu\u00e1rio. Para produtos f\u00edsicos a pronta-entrega, ap\u00f3s a confirma\u00e7\u00e3o do pagamento, precisamos de at\u00e9 7 dias \u00fateis para preparo do pedido para envio. Deppis, o produto \u00e9 enviado pelos correios atrav\u00e9s da modalidade escolhida pelo cliente, com prazo para recebimento mais preciso informado pelos correios.\n\n\n<br><\/br><br>\n\n<b>VIII. DIREITOS AUTORAIS<\/b><br><\/br>\n\nQuando voc\u00ea compra uma receita, n\u00e3o adquire a propriedade da mesma, que segue sendo da pessoa que a criou, mas sim uma cess\u00e3o de uso. Dessa forma, o(a) comprador(a) n\u00e3o est\u00e1 autorizado(a) a vender e a compartilhar o padr\u00e3o atrav\u00e9s de rede sociais, blogs, aplicativos, grupos no Facebook e\/ou no WhatsApp, e-mails e\/ou mensagens, assim como em meios offline. Est\u00e1 autorizada a venda da pe\u00e7a pronta desde que conste o cr\u00e9dito de autoria para <i>@bosquegurumi<\/i>.\n\n\n<br><\/br><br>\n\n<b>X. FORO<\/b><br><\/br>\n\nFica eleito o foro da Comarca de Barra Mansa\/RJ, cidade sede da Bosquegurumi, para dirimir eventuais controv\u00e9rsias a respeito deste contrato.\n\n\n<br><\/br><br>\n\n<b>Resguardamo-nos o direito de fazer altera\u00e7\u00f5es em produtos, servi\u00e7os e\/ou pre\u00e7os a qualquer momento, sem que haja a necessidade de aviso pr\u00e9vio, dada \u00e0 constante mudan\u00e7a dos custos e valores dos materiais e da m\u00e3o de obra.<\/b>\n\n<\/font><\/p>\n\n<br><\/br><br><\/br>\t\t\t\t\t\t\t\t<\/div>\n\t\t\t\t<\/div>\n\t\t\t\t\t<\/div>\n\t\t<\/div>\n\t\t\t\t\t<\/div>\n\t\t<\/section>\n\t\t\t\t<\/div>\n\t\t","protected":false},"excerpt":{"rendered":"<p>Termos e Condi\u00e7\u00f5es &nbsp; Considerando que a BOSQUEGURUMI realiza venda de produtos e servi\u00e7os pela internet e considerando o interesse do cliente na compra dos produtos oferecidos pela BOSQUEGURUMI em seu site, o presente contrato tem por finalidade estabelecer as condi\u00e7\u00f5es gerais de uso e compra de produtos e servi\u00e7os do cliente do site BOSQUEGURUMI [&hellip;]<\/p>\n","protected":false},"author":1,"featured_media":0,"parent":0,"menu_order":0,"comment_status":"closed","ping_status":"closed","template":"elementor_header_footer","meta":{"om_disable_all_campaigns":false,"_monsterinsights_skip_tracking":false,"_monsterinsights_sitenote_active":false,"_monsterinsights_sitenote_note":"","_monsterinsights_sitenote_category":0,"footnotes":""},"class_list":["post-162","page","type-page","status-publish","hentry"],"aioseo_notices":[],"_links":{"self":[{"href":"https:\/\/bosquegurumi.com\/index.php\/wp-json\/wp\/v2\/pages\/162","targetHints":{"allow":["GET"]}}],"collection":[{"href":"https:\/\/bosquegurumi.com\/index.php\/wp-json\/wp\/v2\/pages"}],"about":[{"href":"https:\/\/bosquegurumi.com\/index.php\/wp-json\/wp\/v2\/types\/page"}],"author":[{"embeddable":true,"href":"https:\/\/bosquegurumi.com\/index.php\/wp-json\/wp\/v2\/users\/1"}],"replies":[{"embeddable":true,"href":"https:\/\/bosquegurumi.com\/index.php\/wp-json\/wp\/v2\/comments?post=162"}],"version-history":[{"count":54,"href":"https:\/\/bosquegurumi.com\/index.php\/wp-json\/wp\/v2\/pages\/162\/revisions"}],"predecessor-version":[{"id":5404,"href":"https:\/\/bosquegurumi.com\/index.php\/wp-json\/wp\/v2\/pages\/162\/revisions\/5404"}],"wp:attachment":[{"href":"https:\/\/bosquegurumi.com\/index.php\/wp-json\/wp\/v2\/media?parent=162"}],"curies":[{"name":"wp","href":"https:\/\/api.w.org\/{rel}","templated":true}]}}